{"id":5,"date":"2022-01-20T17:28:38","date_gmt":"2022-01-20T17:28:38","guid":{"rendered":"https:\/\/reiter-physio.at\/?page_id=5"},"modified":"2025-06-05T10:18:22","modified_gmt":"2025-06-05T10:18:22","slug":"mesmerize","status":"publish","type":"page","link":"https:\/\/reiter-physio.at\/","title":{"rendered":"Front Page"},"content":{"rendered":"<div  id=\"orientierung\" style=\"background-color: #ffffff;\" data-label=\"Orientierung\" data-id=\"overlappable-4\" data-export-id=\"overlappable-4\" data-category=\"overlappable\" class=\"overlappable-4 content-section content-section-spacing\" data-overlap=\"true\"><div  class=\"gridContainer\"> <div  data-type=\"row\" class=\"row spaced-cols text-center\"><div  class=\"col-xs-12 col-sm-4 col-padding\"> <a  data-cp-link=\"1\" href=\"#kontakt\" target=\"_self\" rel=\"noopener\"><i  class=\"fa icon shadow-large-black aligncenter color1 fa-phone reverse round large\"><\/i><\/a> <div  data-type=\"column\" class=\"\"> <h5  class=\"\">Telefon<\/h5> <p  class=\"\">Vorab Terminvereinbarung notwendig unter +43 677 64120001<\/p><\/div> <\/div> <div  class=\"col-xs-12 col-sm-4 col-padding\"> <a  data-cp-link=\"1\" href=\"#praxis\" target=\"_self\" rel=\"noopener\"><i  class=\"fa icon shadow-large-black aligncenter color1 fa-home reverse round large\"><\/i><\/a> <div  data-type=\"column\" class=\"\"><h5  class=\"\">Praxis<\/h5> <p  class=\"\">Qualit\u00e4tbewusste Therapie auf Ihr Krankheitsbild abgestimmt.<\/p><\/div> <\/div> <div  class=\"col-xs-12 col-sm-4 col-padding\"> <a  data-cp-link=\"1\" href=\"https:\/\/www.google.at\/maps\/place\/Physio-Massage+Reiter\/@48.2616104,13.2964544,15.47z\/data=!4m9!1m2!2m1!1sphysiotherapie+reiter!3m5!1s0x47743961759ce303:0xafcb861a3cf16d4d!8m2!3d48.2644916!4d13.2971914!15sChVwaHlzaW90aGVyYXBpZSByZWl0ZXKSAQ9waHlzaW90aGVyYXBpc3Q\" target=\"_self\" rel=\"noopener\" class=\"\"><i  class=\"fa icon shadow-large-black aligncenter color1 fa-map-marker reverse round large\"><\/i><\/a> <div  data-type=\"column\" class=\"\"><h5  class=\"\">Standort<\/h5> <p  class=\"\">Gartenstra\u00dfe 3\n<br >A-4943 Geinberg<\/p><\/div> <\/div><\/div> <\/div><\/div><div  id=\"praxis\" style=\"background-color: #f5fafd;\" data-label=\"Praxis\" data-id=\"about-1\" data-export-id=\"about-1\" data-category=\"about\" class=\"about-1 content-section\"><div  class=\"gridContainer\"> <div  class=\"row text-center\"><div  class=\"section-title-col\" data-type=\"column\">  <h2  class=\"\">Physiotherapie in Ihrer N\u00e4he.<\/h2> <p  class=\"lead\">Sie haben eine \u00dcberweisung von Ihrem\/Ihrer Arzt\/\u00c4rztin zur Physiotherapie, Einzelheilgymnastik, Lymphdrainagen,\u2026 bekommen und suchen eine qualifizierte Therapeutin in Ihrer N\u00e4he?<br >Kontaktieren Sie mich und vereinbaren Sie einen Termin zur Erstbehandlung.\n<br ><br >In der ersten Sitzung wird ein Erstgespr\u00e4ch und eine physiotherapeutische Untersuchung durchgef\u00fchrt. Um Kontraindikationen auszuschlie\u00dfen, werden zu Beginn der Behandlung Fragen zum Krankheitsbild gestellt. Falls Befunde, MRT\/R\u00f6ntgen-Bilder bereits vorhanden sind, bitte ich Sie, diese bei der Erstbehandlung mitzubringen. Ich bin stets bem\u00fcht Ihre fachlichen Fragen, die im Laufe der Behandlungen auftreten, bestm\u00f6glich zu beantworten.<\/p><\/div> <\/div> <div  class=\"row\"> <div  class=\"button-holder space-bottom space-bottom-small\" data-type=\"column\"> <\/div> <div  class=\"col-xs bottom-xs flexbox image-group-bottom-3-img space-bottom-xs center-xs\"> <img decoding=\"async\"  loading=\"lazy\" class=\"left-img shadow-large-black\" data-size=\"500x300\" src=\"https:\/\/i0.wp.com\/reiter-physio.at\/wp-content\/uploads\/2022\/01\/treatment-1327811_1920.jpg?w=3840&amp;ssl=1\" title=\"treatment-1327811_1920\" alt=\"\" width=\"374\" height=\"248\"> <img decoding=\"async\"  loading=\"lazy\" class=\"center-img shadow-large-black\" data-size=\"500x300\" src=\"https:\/\/i0.wp.com\/reiter-physio.at\/wp-content\/uploads\/2022\/01\/knee-2768834_1920-1.jpg?w=3840&amp;ssl=1\" title=\"knee-2768834_1920 1\" alt=\"\" width=\"448\" height=\"317\"> <img decoding=\"async\"  loading=\"lazy\" class=\"right-img shadow-large-black\" data-size=\"500x300\" src=\"https:\/\/i0.wp.com\/reiter-physio.at\/wp-content\/uploads\/2022\/01\/massage-ga0f565fc7_1920.jpg?w=3840&amp;ssl=1\" title=\"massage-ga0f565fc7_1920\" alt=\"\" width=\"374\" height=\"249\"><\/div> <\/div><\/div> <\/div><div  id=\"angebote\" style=\"background-color: #f5fafd;\" data-label=\"Angebote\" data-id=\"content-2\" data-export-id=\"content-2\" data-category=\"content\" class=\"content-2 content-section content-section-spacing\"><div > <div  class=\"row middle-xs\"><div  class=\"col-sm-5 bg-image shadow-large-black\" data-bg=\"image\" style=\"background-image: url(&quot;https:\/\/reiter-physio.at\/wp-content\/uploads\/2022\/01\/cropped-stethoscope-g5ab74e662_1920-2.jpg&quot;);\"><\/div> <div  class=\"col-sm-7 full-col-left-padding full-col-right-padding\"> <div  class=\"row\"> <div  data-type=\"column\" class=\"space-bottom-small content-title-col\">  <h2  class=\"\">Angebote<\/h2> <\/div> <\/div> <div  class=\"row spaced-cols \" data-type=\"row\"> <div  class=\"col-xs-6\" data-type=\"column\"> <h5  class=\"\">Physiotherapie<\/h5> <p  class=\"\">Akute oder chronische Schmerzen, Bewegungseinschr\u00e4nkungen,<br >Verspannungen, ernsthafte medizinische Diagnosen. Ich begleite<br >Sie kompetent und engagiert auf Ihrem Weg zur<br >Beschwerdefreiheit.<\/p><\/div> <div  class=\"col-xs-6\" data-type=\"column\"><h5  class=\"\">Manuelle Lymphdrainage<\/h5> <p  class=\"\">Aktivierung des Lymphabflusses und Entstauung des Gewebes<br >durch gezielte sanfte Techniken.<\/p><\/div> <div  class=\"col-xs-6\" data-type=\"column\"><h5  class=\"\">Massage<\/h5> <p  class=\"\">Gezielte Griffe und Techniken l\u00f6sen Spannungen in den<br >unterschiedlichen Geweben und verbessern deren Funktion.<\/p><\/div> <div  class=\"col-xs-6\" data-type=\"column\"><h5  class=\"\">Taping<\/h5> <p  class=\"\">Stabiliesierende, Entstauende oder Massage Tapes unterst\u00fctzen Ihren K\u00f6rper zur Selbstheilung.<\/p><\/div> <div  class=\"col-xs-6\" data-type=\"column\"> <h5  class=\"\">Viszerale Therapie<\/h5> <p  class=\"\">Die viszerale Therapie ist eine sanfte manuelle Behandlung zur L\u00f6sung innerer Spannungen und F\u00f6rderung der Organfunktion.<\/p><\/div><\/div><\/div> <\/div><\/div> <\/div><div  data-label=\"Ueber Mich\" data-id=\"content--1\" data-export-id=\"content-3\" data-category=\"content\" class=\"content-3 content-section content-section-spacing\" id=\"ueber-mich\" style=\"background-color: rgb(245, 250, 253);\"><div > <div  class=\"row middle-xs\"><div  class=\"col-sm-7 full-col-left-padding full-col-right-padding\"> <div  class=\"row\"><div  data-type=\"column\" class=\"space-bottom-small content-title-col\">  <h2  class=\"\">Gerlinde Reiter<\/h2> <p  class=\"\">&nbsp;\u2013 Physiotherapeutin\n<br >&nbsp;\u2013 Manualtherapeutin\n\n<br >&nbsp;\u2013 Lymphdrainage Ausbildung\n<br >&nbsp;\u2013 Viszerale Ausbildung<br >&nbsp;\u2013 Medizinische Trainingstherapie Ausbildung<br >&nbsp;\u2013 Heilmasseurin\n<br >&nbsp;\u2013 Masseurin und med. Bademeister\n<br >&nbsp;\u2013 Teilbereiche der Osteopathie<br >&nbsp;\u2013 Zertifikat Kinesiologisches Taping<br >&nbsp;\u2013 Dipl. Wellness Practitione\n<br >&nbsp;\u2013 Schwangerschaftsmassage Ausbildung<\/p><\/div> <\/div> <div  class=\"row spaced-cols\" data-type=\"row\"> <div  class=\"col-xs-6\" data-type=\"column\">  <\/div>    <\/div><\/div> <div  class=\"col-sm-5 bg-image shadow-large-black revert-classes-holder\" data-bg=\"image\" style=\"background-image: url(&quot;https:\/\/reiter-physio.at\/wp-content\/uploads\/2022\/03\/cervical-ge9d758212_1920.jpg&quot;);\"><\/div><\/div> <\/div><\/div><div  id=\"kontakt\" data-label=\"Kontakt\" data-id=\"cta-blue-section\" data-export-id=\"cta-blue-section\" data-category=\"cta\" class=\"cta-blue-section content-section content-section-spacing-medium bg-color1 white-text\"><div  class=\"gridContainer\"> <div  class=\"row middle-xs\"><div  class=\"col-sm-8 space-bottom-xs\" data-type=\"column\"> <h2  class=\"\">Hier finden Sie mich!<\/h2> <\/div> <div  class=\"col-sm-4 end-sm\" data-type=\"column\"> <a  class=\"button color2\" href=\"https:\/\/www.google.at\/maps\/place\/Physio-Massage+Reiter\/@48.2616104,13.2964544,15.47z\/data=!4m9!1m2!2m1!1sphysiotherapie+reiter!3m5!1s0x47743961759ce303:0xafcb861a3cf16d4d!8m2!3d48.2644916!4d13.2971914!15sChVwaHlzaW90aGVyYXBpZSByZWl0ZXKSAQ9waHlzaW90aGVyYXBpc3Q\" target=\"_self\" data-cp-link=\"1\" rel=\"noopener\">Karte<\/a><\/div> <\/div><\/div> <\/div>","protected":false},"excerpt":{"rendered":"<p>Telefon Vorab Terminvereinbarung notwendig unter +43 677 64120001 Praxis Qualit\u00e4tbewusste Therapie auf Ihr Krankheitsbild abgestimmt. Standort Gartenstra\u00dfe 3 A-4943 Geinberg Physiotherapie in Ihrer N\u00e4he. Sie haben eine \u00dcberweisung von Ihrem\/Ihrer Arzt\/\u00c4rztin zur Physiotherapie, Einzelheilgymnastik, Lymphdrainagen,\u2026 bekommen und suchen eine qualifizierte Therapeutin in Ihrer N\u00e4he?Kontaktieren Sie mich und vereinbaren Sie einen Termin zur Erstbehandlung. In der&hellip; <br \/> <a class=\"read-more\" href=\"https:\/\/reiter-physio.at\/\">Weiterlesen<\/a><\/p>\n","protected":false},"author":1,"featured_media":0,"parent":0,"menu_order":0,"comment_status":"closed","ping_status":"closed","template":"page-templates\/homepage.php","meta":{"footnotes":""},"class_list":["post-5","page","type-page","status-publish","hentry"],"jetpack_sharing_enabled":true,"_links":{"self":[{"href":"https:\/\/reiter-physio.at\/index.php?rest_route=\/wp\/v2\/pages\/5","targetHints":{"allow":["GET"]}}],"collection":[{"href":"https:\/\/reiter-physio.at\/index.php?rest_route=\/wp\/v2\/pages"}],"about":[{"href":"https:\/\/reiter-physio.at\/index.php?rest_route=\/wp\/v2\/types\/page"}],"author":[{"embeddable":true,"href":"https:\/\/reiter-physio.at\/index.php?rest_route=\/wp\/v2\/users\/1"}],"replies":[{"embeddable":true,"href":"https:\/\/reiter-physio.at\/index.php?rest_route=%2Fwp%2Fv2%2Fcomments&post=5"}],"version-history":[{"count":12,"href":"https:\/\/reiter-physio.at\/index.php?rest_route=\/wp\/v2\/pages\/5\/revisions"}],"predecessor-version":[{"id":80,"href":"https:\/\/reiter-physio.at\/index.php?rest_route=\/wp\/v2\/pages\/5\/revisions\/80"}],"wp:attachment":[{"href":"https:\/\/reiter-physio.at\/index.php?rest_route=%2Fwp%2Fv2%2Fmedia&parent=5"}],"curies":[{"name":"wp","href":"https:\/\/api.w.org\/{rel}","templated":true}]}}